{"id":483,"date":"2016-06-01T16:05:32","date_gmt":"2016-06-01T14:05:32","guid":{"rendered":"https:\/\/www.schlafli.com\/schlafli-engineering-ltd\/?lang=fr"},"modified":"2016-11-14T08:47:28","modified_gmt":"2016-11-14T07:47:28","slug":"schlafli-engineering-ltd","status":"publish","type":"page","link":"https:\/\/www.schlafli.com\/fr\/","title":{"rendered":"Schl\u00e4fli AG"},"content":{"rendered":"<h1>Per\u00e7ages pr\u00e9cis et des tol\u00e9rances serr\u00e9es<\/h1>\n<p>Schl\u00e4fli ayant son\u00a0si\u00e8ge social \u00e0 B\u00fcren an der Aare situ\u00e9 dans le Seeland du canton de Berne d\u00e9veloppe et produit des machines pour machiner des mat\u00e9riaux tr\u00e8s durs. Les produits principaux sont des machines pour la reprise en s\u00e9rie de petits per\u00e7ages cylindrique avec des diam\u00e8tres\u00a00.05 \u00e0 2.00 mm, pour rectification de pr\u00e9cision et correction de la concentricit\u00e9 en s\u00e9rie des pi\u00e8ces avec diam\u00e8tres ext\u00e9rieurs de\u00a00.50 \u00e0 8.00 mm et pour l&rsquo;usinage pr\u00e9cis et rationnel des creusures, des biseaux , des formes bomb\u00e9es et des per\u00e7ages. Des dispositifs p\u00e9riph\u00e9riques et des outils compl\u00e8tent la gamme de produits.<\/p>\n","protected":false},"excerpt":{"rendered":"<p>Per\u00e7ages pr\u00e9cis et des tol\u00e9rances serr\u00e9es Schl\u00e4fli ayant son\u00a0si\u00e8ge social \u00e0 B\u00fcren an der Aare situ\u00e9 dans le Seeland du canton de Berne d\u00e9veloppe et produit des machines pour machiner des mat\u00e9riaux tr\u00e8s durs. Les produits principaux sont des machines pour la reprise en s\u00e9rie de petits per\u00e7ages cylindrique avec des diam\u00e8tres\u00a00.05 \u00e0 2.00 mm, [&hellip;]<\/p>\n","protected":false},"author":3,"featured_media":0,"parent":0,"menu_order":1,"comment_status":"closed","ping_status":"closed","template":"page-start.php","meta":{"footnotes":""},"class_list":["post-483","page","type-page","status-publish","hentry"],"_links":{"self":[{"href":"https:\/\/www.schlafli.com\/fr\/wp-json\/wp\/v2\/pages\/483","targetHints":{"allow":["GET"]}}],"collection":[{"href":"https:\/\/www.schlafli.com\/fr\/wp-json\/wp\/v2\/pages"}],"about":[{"href":"https:\/\/www.schlafli.com\/fr\/wp-json\/wp\/v2\/types\/page"}],"author":[{"embeddable":true,"href":"https:\/\/www.schlafli.com\/fr\/wp-json\/wp\/v2\/users\/3"}],"replies":[{"embeddable":true,"href":"https:\/\/www.schlafli.com\/fr\/wp-json\/wp\/v2\/comments?post=483"}],"version-history":[{"count":7,"href":"https:\/\/www.schlafli.com\/fr\/wp-json\/wp\/v2\/pages\/483\/revisions"}],"predecessor-version":[{"id":820,"href":"https:\/\/www.schlafli.com\/fr\/wp-json\/wp\/v2\/pages\/483\/revisions\/820"}],"wp:attachment":[{"href":"https:\/\/www.schlafli.com\/fr\/wp-json\/wp\/v2\/media?parent=483"}],"curies":[{"name":"wp","href":"https:\/\/api.w.org\/{rel}","templated":true}]}}